{"id":9,"date":"2019-11-15T07:37:33","date_gmt":"2019-11-15T07:37:33","guid":{"rendered":"http:\/\/consulting.stylemixthemes.com\/demo\/?page_id=9"},"modified":"2019-12-01T05:14:45","modified_gmt":"2019-12-01T05:14:45","slug":"nuestras-marcas","status":"publish","type":"page","link":"https:\/\/www.focun.com.co\/co\/nuestras-marcas\/","title":{"rendered":"Nuestras Marcas"},"content":{"rendered":"<p>[vc_row css=\u00bb.vc_custom_1451991003825{margin-bottom: 100px !important;}\u00bb][vc_column][stm_spacing lg_spacing=\u00bb20&#8243; md_spacing=\u00bb20&#8243; sm_spacing=\u00bb10&#8243; xs_spacing=\u00bb10&#8243;][\/vc_column][\/vc_row][vc_row][vc_column width=\u00bb3\/4&#8243;][vc_row_inner][vc_column_inner width=\u00bb1\/3&#8243;][vc_single_image image=\u00bb3440&#8243; img_size=\u00bbfull\u00bb alignment=\u00bbcenter\u00bb onclick=\u00bbcustom_link\u00bb img_link_target=\u00bb_blank\u00bb link=\u00bbhttps:\/\/www.alkho.com.co\/\u00bb][vc_column_text css=\u00bb.vc_custom_1575176336313{margin-top: -50px !important;}\u00bb]<\/p>\n<h4 style=\"color: #fff;\">.<\/h4>\n<p style=\"font-size: 18px; color: #222;\">ALKHO<\/p>\n<p style=\"font-size: 16px; color: #333;\">Nos enfocamos en desarrollar procesos de producci\u00f3n propios de la cadena de valor del cliente, nuestros servicios se enfocan en las \u00e1reas de log\u00edstica interna, acondicionamiento, producci\u00f3n y mantenimiento industrial. A partir de la implementaci\u00f3n de m\u00e9todos y herramientas personalizadas, buscamos aumentar la productividad, manteniendo los costos y mejorar la eficiencia de nuestros clientes, optimizando los procesos.<\/p>\n<p><a href=\"https:\/\/www.alkho.com.co\/\" target=\"_blank\" rel=\"noopener noreferrer\">Leer m\u00e1s<\/a>[\/vc_column_text][stm_spacing lg_spacing=\u00bb30&#8243; md_spacing=\u00bb30&#8243; sm_spacing=\u00bb15&#8243; xs_spacing=\u00bb15&#8243;][\/vc_column_inner][vc_column_inner width=\u00bb1\/3&#8243;][vc_single_image image=\u00bb3441&#8243; img_size=\u00bbfull\u00bb alignment=\u00bbcenter\u00bb onclick=\u00bbcustom_link\u00bb img_link_target=\u00bb_blank\u00bb link=\u00bbhttps:\/\/www.fmsas.com.co\/\u00bb][vc_column_text css=\u00bb.vc_custom_1575176358842{margin-top: -50px !important;}\u00bb]<\/p>\n<h4 style=\"color: #fff;\">.<\/h4>\n<p style=\"font-size: 18px; color: #222;\">FACILITY MANAGEMENT<\/p>\n<p style=\"font-size: 16px; color: #333;\">Somos una empresa que presta servicios generales de limpieza y cafeter\u00eda, mantenimiento locativo, limpieza industrial y servicio especializados, asegurando procesos orientados al resultado, generando la confianza y seguridad que la empresa, sus trabajadores y las instalaciones requieren.<\/p>\n<p><a href=\"https:\/\/www.fmsas.com.co\/\" target=\"_blank\" rel=\"noopener noreferrer\">Leer m\u00e1s<\/a>[\/vc_column_text][stm_spacing lg_spacing=\u00bb30&#8243; md_spacing=\u00bb30&#8243; sm_spacing=\u00bb15&#8243; xs_spacing=\u00bb15&#8243;][\/vc_column_inner][vc_column_inner width=\u00bb1\/3&#8243;][vc_single_image image=\u00bb3443&#8243; img_size=\u00bbfull\u00bb alignment=\u00bbcenter\u00bb onclick=\u00bbcustom_link\u00bb img_link_target=\u00bb_blank\u00bb link=\u00bbhttps:\/\/www.netinn.com.co\/\u00bb][vc_column_text css=\u00bb.vc_custom_1575176384684{margin-top: -50px !important;}\u00bb]<\/p>\n<h4 style=\"color: #fff;\">.<\/h4>\n<p style=\"font-size: 18px; color: #222;\">NETINN<\/p>\n<p style=\"font-size: 16px; color: #333;\">Nos enfocamos en elevar la competitividad de nuestros clientes a partir de sus colaboradores, buscando que su talento humano sea su principal y m\u00e1s sostenible ventaja competitiva. Ofrecemos los servicios de Selecci\u00f3n Especializada y Consultor\u00eda Estrat\u00e9gica en Talento Humano.<\/p>\n<p><a href=\"https:\/\/www.netinn.com.co\/\" target=\"_blank\" rel=\"noopener noreferrer\">Leer m\u00e1s<\/a>[\/vc_column_text][stm_spacing lg_spacing=\u00bb30&#8243; md_spacing=\u00bb30&#8243; sm_spacing=\u00bb15&#8243; xs_spacing=\u00bb15&#8243;][\/vc_column_inner][\/vc_row_inner][vc_row_inner][vc_column_inner width=\u00bb1\/3&#8243;][vc_single_image image=\u00bb3442&#8243; img_size=\u00bbfull\u00bb alignment=\u00bbcenter\u00bb onclick=\u00bbcustom_link\u00bb img_link_target=\u00bb_blank\u00bb link=\u00bbhttps:\/\/www.impakte.com.co\/\u00bb][vc_column_text css=\u00bb.vc_custom_1575176413362{margin-top: -50px !important;}\u00bb]<\/p>\n<h4 style=\"color: #fff;\">.<\/h4>\n<p style=\"font-size: 18px; color: #222;\">IMPAKTE<\/p>\n<p style=\"font-size: 16px; color: #333;\">Nos especializamos en Ejecutar las estrategias de Trade marketing de nuestros clientes en el punto de venta, encaminadas a mejorar la experiencia<br \/>\ndel Shopper y aumentar la rotaci\u00f3n de producto y posicionamiento de la marca. Ofrecemos los servicios de Trade Marketing Execution, Gesti\u00f3n Estrat\u00e9gica en PDV y Gesti\u00f3n de Fuerza comerciales.<\/p>\n<p><a href=\"https:\/\/www.impakte.com.co\/\" target=\"_blank\" rel=\"noopener noreferrer\">Leer m\u00e1s<\/a>[\/vc_column_text][stm_spacing lg_spacing=\u00bb30&#8243; md_spacing=\u00bb30&#8243; sm_spacing=\u00bb15&#8243; xs_spacing=\u00bb15&#8243;][\/vc_column_inner][vc_column_inner width=\u00bb1\/3&#8243;][vc_single_image image=\u00bb3439&#8243; img_size=\u00bbfull\u00bb alignment=\u00bbcenter\u00bb onclick=\u00bbcustom_link\u00bb img_link_target=\u00bb_blank\u00bb link=\u00bbhttp:\/\/www.temservice.com.co\/\u00bb][vc_column_text css=\u00bb.vc_custom_1575176447332{margin-top: -50px !important;}\u00bb]<\/p>\n<h4 style=\"color: #fff;\">.<\/h4>\n<p style=\"font-size: 18px; color: #222;\">T&amp;S TEMSERVICE<\/p>\n<p style=\"font-size: 16px; color: #333;\">Prestamos los servicios de Selecci\u00f3n y Contrataci\u00f3n de personal en misi\u00f3n para empresas de diferentes industrias, asegurando el cumplimiento de nuestros servicios bajo los m\u00e1s altos est\u00e1ndares de calidad y respeto con nuestros clientes, candidatos, proveedores y colaboradores. Nos enfocamos en la b\u00fasqueda de personal para las \u00e1reas administrativas, Comerciales y operativas.<\/p>\n<p><a href=\"http:\/\/www.temservice.com.co\/\" target=\"_blank\" rel=\"noopener noreferrer\">Leer m\u00e1s<\/a>[\/vc_column_text][stm_spacing lg_spacing=\u00bb30&#8243; md_spacing=\u00bb30&#8243; sm_spacing=\u00bb15&#8243; xs_spacing=\u00bb15&#8243;][\/vc_column_inner][vc_column_inner width=\u00bb1\/3&#8243;][\/vc_column_inner][\/vc_row_inner][\/vc_column][vc_column width=\u00bb1\/4&#8243;][stm_sidebar sidebar=\u00bb311&#8243;][\/vc_column][\/vc_row][vc_row full_width=\u00bbstretch_row\u00bb awb_type=\u00bbcolor\u00bb awb_stretch=\u00bb1&#8243; awb_color=\u00bb#5b5b5f\u00bb css=\u00bb.vc_custom_1575176587810{padding-top: 50px !important;padding-bottom: 50px !important;}\u00bb][vc_column width=\u00bb2\/3&#8243; css=\u00bb.vc_custom_1575153175050{padding-right: 20px !important;padding-left: 20px !important;}\u00bb][vc_empty_space height=\u00bb20px\u00bb]<div role=\"form\" class=\"wpcf7\" id=\"wpcf7-f6-o1\" lang=\"es-ES\" dir=\"ltr\">\n<div class=\"screen-reader-response\"><p role=\"status\" aria-live=\"polite\" aria-atomic=\"true\"><\/p> <ul><\/ul><\/div>\n<form action=\"\/co\/wp-json\/wp\/v2\/pages\/9#wpcf7-f6-o1\" method=\"post\" class=\"wpcf7-form init\" novalidate=\"novalidate\" data-status=\"init\">\n<div style=\"display: none;\">\n<input type=\"hidden\" name=\"_wpcf7\" value=\"6\" \/>\n<input type=\"hidden\" name=\"_wpcf7_version\" value=\"5.5.6\" \/>\n<input type=\"hidden\" name=\"_wpcf7_locale\" value=\"es_ES\" \/>\n<input type=\"hidden\" name=\"_wpcf7_unit_tag\" value=\"wpcf7-f6-o1\" \/>\n<input type=\"hidden\" name=\"_wpcf7_container_post\" value=\"0\" \/>\n<input type=\"hidden\" name=\"_wpcf7_posted_data_hash\" value=\"\" \/>\n<input type=\"hidden\" name=\"_wpcf7_recaptcha_response\" value=\"\" \/>\n<\/div>\n<div class=\"row\">\n<div class=\"col-lg-6 col-md-6 col-sm-6 col-xs-12\">\n<div class=\"input-group\">\n                <span class=\"wpcf7-form-control-wrap your-name\"><input type=\"text\" name=\"your-name\" value=\"\" size=\"40\" class=\"wpcf7-form-control wpcf7-text wpcf7-validates-as-required\" aria-required=\"true\" aria-invalid=\"false\" placeholder=\"Nombre Completo *\" \/><\/span>\n            <\/div>\n<div class=\"input-group\">\n                <span class=\"wpcf7-form-control-wrap your-email\"><input type=\"email\" name=\"your-email\" value=\"\" size=\"40\" class=\"wpcf7-form-control wpcf7-text wpcf7-email wpcf7-validates-as-required wpcf7-validates-as-email\" aria-required=\"true\" aria-invalid=\"false\" placeholder=\"E-mail *\" \/><\/span>\n            <\/div>\n<div class=\"input-group\">\n                <span class=\"wpcf7-form-control-wrap your-phone\"><input type=\"tel\" name=\"your-phone\" value=\"\" size=\"40\" class=\"wpcf7-form-control wpcf7-text wpcf7-tel wpcf7-validates-as-required wpcf7-validates-as-tel\" aria-required=\"true\" aria-invalid=\"false\" placeholder=\"Tel\u00e9fono *\" \/><\/span>\n            <\/div>\n<div class=\"input-group\">\n<span class=\"wpcf7-form-control-wrap recaptcha\"><span data-sitekey=\"6LfZZ8UUAAAAAEPQjnS5CyBFxMKSjO-e3KHiNwdX\" class=\"wpcf7-form-control g-recaptcha wpcf7-recaptcha\"><\/span>\r\n<noscript>\r\n\t<div class=\"grecaptcha-noscript\">\r\n\t\t<iframe src=\"https:\/\/www.google.com\/recaptcha\/api\/fallback?k=6LfZZ8UUAAAAAEPQjnS5CyBFxMKSjO-e3KHiNwdX\" frameborder=\"0\" scrolling=\"no\" width=\"310\" height=\"430\">\r\n\t\t<\/iframe>\r\n\t\t<textarea name=\"g-recaptcha-response\" rows=\"3\" cols=\"40\" placeholder=\"Aqu\u00ed la respuesta de reCAPTCHA\">\r\n\t\t<\/textarea>\r\n\t<\/div>\r\n<\/noscript>\r\n<\/span>\n<\/div>\n<\/div>\n<div class=\"col-lg-6 col-md-6 col-sm-6 col-xs-12\">\n<div class=\"input-group\" style=\"height:100%;\">\n                <span class=\"wpcf7-form-control-wrap your-message\"><textarea name=\"your-message\" cols=\"40\" rows=\"10\" class=\"wpcf7-form-control wpcf7-textarea wpcf7-validates-as-required\" aria-required=\"true\" aria-invalid=\"false\" placeholder=\"Mensaje *\"><\/textarea><\/span>\n            <\/div>\n<div class=\"input-group text-right\">\n               <span class=\"wpcf7-form-control-wrap checkbox-543\"><span class=\"wpcf7-form-control wpcf7-checkbox wpcf7-validates-as-required\"><span class=\"wpcf7-list-item first last\"><span class=\"wpcf7-list-item-label\">Acepta tratamiento de datos personales<\/span><input type=\"checkbox\" name=\"checkbox-543[]\" value=\"Acepta tratamiento de datos personales\" \/><\/span><\/span><\/span><br \/>\n               <a style=\"font-size:12px; color:#FFF;\" href=https:\/\/www.focun.com.co\/co\/wp-content\/uploads\/2022\/03\/Aviso-de-Privacidad-TS-Temservice-1.pdf\" target=\"_blank\">Acepto pol\u00edtica de tratamientos de datos personales<\/a>\n            <\/div>\n<div class=\"input-group text-right\">\n               <button type=\"submit\" class=\"button theme_style_1 size-lg bordered icon_right\">Enviar <i class=\"fa fa-chevron-right\"><\/i><\/button>\n            <\/div>\n<\/div>\n<\/div>\n<div class=\"wpcf7-response-output\" aria-hidden=\"true\"><\/div><\/form><\/div>[\/vc_column][vc_column width=\u00bb1\/3&#8243; css=\u00bb.vc_custom_1575153160301{padding-top: 50px !important;padding-left: 20px !important;}\u00bb][vc_single_image image=\u00bb3563&#8243; img_size=\u00bbfull\u00bb][\/vc_column][\/vc_row]<\/p>\n","protected":false},"excerpt":{"rendered":"<p>[vc_row css=\u00bb.vc_custom_1451991003825{margin-bottom: 100px !important;}\u00bb][vc_column][stm_spacing lg_spacing=\u00bb20&#8243; md_spacing=\u00bb20&#8243; sm_spacing=\u00bb10&#8243; xs_spacing=\u00bb10&#8243;][\/vc_column][\/vc_row][vc_row][vc_column width=\u00bb3\/4&#8243;][vc_row_inner][vc_column_inner width=\u00bb1\/3&#8243;][vc_single_image image=\u00bb3440&#8243; img_size=\u00bbfull\u00bb alignment=\u00bbcenter\u00bb onclick=\u00bbcustom_link\u00bb img_link_target=\u00bb_blank\u00bb link=\u00bbhttps:\/\/www.alkho.com.co\/\u00bb][vc_column_text css=\u00bb.vc_custom_1575176336313{margin-top: -50px !important;}\u00bb] . ALKHO Nos enfocamos en desarrollar procesos de producci\u00f3n propios de la cadena de valor del cliente, nuestros servicios se enfocan en las \u00e1reas de log\u00edstica interna, acondicionamiento, producci\u00f3n y mantenimiento industrial. A partir de la<\/p>\n","protected":false},"author":1,"featured_media":0,"parent":0,"menu_order":0,"comment_status":"closed","ping_status":"closed","template":"","meta":[],"yoast_head":"<!-- This site is optimized with the Yoast SEO plugin v18.6 - https:\/\/yoast.com\/wordpress\/plugins\/seo\/ -->\n<title>Nuestras Marcas - Una marca Gi Group<\/title>\n<meta name=\"robots\" content=\"index, follow, max-snippet:-1, max-image-preview:large, max-video-preview:-1\" \/>\n<link rel=\"canonical\" href=\"https:\/\/www.focun.com.co\/co\/nuestras-marcas\/\" \/>\n<meta property=\"og:locale\" content=\"es_ES\" \/>\n<meta property=\"og:type\" content=\"article\" \/>\n<meta property=\"og:title\" content=\"Nuestras Marcas - Una marca Gi Group\" \/>\n<meta property=\"og:description\" content=\"[vc_row css=\u00bb.vc_custom_1451991003825{margin-bottom: 100px !important;}\u00bb][vc_column][stm_spacing lg_spacing=\u00bb20&#8243; md_spacing=\u00bb20&#8243; sm_spacing=\u00bb10&#8243; xs_spacing=\u00bb10&#8243;][\/vc_column][\/vc_row][vc_row][vc_column width=\u00bb3\/4&#8243;][vc_row_inner][vc_column_inner width=\u00bb1\/3&#8243;][vc_single_image image=\u00bb3440&#8243; img_size=\u00bbfull\u00bb alignment=\u00bbcenter\u00bb onclick=\u00bbcustom_link\u00bb img_link_target=\u00bb_blank\u00bb link=\u00bbhttps:\/\/www.alkho.com.co\/\u00bb][vc_column_text css=\u00bb.vc_custom_1575176336313{margin-top: -50px !important;}\u00bb] . ALKHO Nos enfocamos en desarrollar procesos de producci\u00f3n propios de la cadena de valor del cliente, nuestros servicios se enfocan en las \u00e1reas de log\u00edstica interna, acondicionamiento, producci\u00f3n y mantenimiento industrial. A partir de la\" \/>\n<meta property=\"og:url\" content=\"https:\/\/www.focun.com.co\/co\/nuestras-marcas\/\" \/>\n<meta property=\"og:site_name\" content=\"Una marca Gi Group\" \/>\n<meta property=\"article:modified_time\" content=\"2019-12-01T05:14:45+00:00\" \/>\n<meta name=\"twitter:card\" content=\"summary_large_image\" \/>\n<meta name=\"twitter:label1\" content=\"Tiempo de lectura\" \/>\n\t<meta name=\"twitter:data1\" content=\"3 minutos\" \/>\n<!-- \/ Yoast SEO plugin. -->","yoast_head_json":{"title":"Nuestras Marcas - Una marca Gi Group","robots":{"index":"index","follow":"follow","max-snippet":"max-snippet:-1","max-image-preview":"max-image-preview:large","max-video-preview":"max-video-preview:-1"},"canonical":"https:\/\/www.focun.com.co\/co\/nuestras-marcas\/","og_locale":"es_ES","og_type":"article","og_title":"Nuestras Marcas - Una marca Gi Group","og_description":"[vc_row css=\u00bb.vc_custom_1451991003825{margin-bottom: 100px !important;}\u00bb][vc_column][stm_spacing lg_spacing=\u00bb20&#8243; md_spacing=\u00bb20&#8243; sm_spacing=\u00bb10&#8243; xs_spacing=\u00bb10&#8243;][\/vc_column][\/vc_row][vc_row][vc_column width=\u00bb3\/4&#8243;][vc_row_inner][vc_column_inner width=\u00bb1\/3&#8243;][vc_single_image image=\u00bb3440&#8243; img_size=\u00bbfull\u00bb alignment=\u00bbcenter\u00bb onclick=\u00bbcustom_link\u00bb img_link_target=\u00bb_blank\u00bb link=\u00bbhttps:\/\/www.alkho.com.co\/\u00bb][vc_column_text css=\u00bb.vc_custom_1575176336313{margin-top: -50px !important;}\u00bb] . ALKHO Nos enfocamos en desarrollar procesos de producci\u00f3n propios de la cadena de valor del cliente, nuestros servicios se enfocan en las \u00e1reas de log\u00edstica interna, acondicionamiento, producci\u00f3n y mantenimiento industrial. A partir de la","og_url":"https:\/\/www.focun.com.co\/co\/nuestras-marcas\/","og_site_name":"Una marca Gi Group","article_modified_time":"2019-12-01T05:14:45+00:00","twitter_card":"summary_large_image","twitter_misc":{"Tiempo de lectura":"3 minutos"},"schema":{"@context":"https:\/\/schema.org","@graph":[{"@type":"WebSite","@id":"https:\/\/www.focun.com.co\/co\/#website","url":"https:\/\/www.focun.com.co\/co\/","name":"Una marca Gi Group","description":"Especialistas en Administraci&oacute;n del Talento Humano","potentialAction":[{"@type":"SearchAction","target":{"@type":"EntryPoint","urlTemplate":"https:\/\/www.focun.com.co\/co\/?s={search_term_string}"},"query-input":"required name=search_term_string"}],"inLanguage":"es"},{"@type":"WebPage","@id":"https:\/\/www.focun.com.co\/co\/nuestras-marcas\/#webpage","url":"https:\/\/www.focun.com.co\/co\/nuestras-marcas\/","name":"Nuestras Marcas - Una marca Gi Group","isPartOf":{"@id":"https:\/\/www.focun.com.co\/co\/#website"},"datePublished":"2019-11-15T07:37:33+00:00","dateModified":"2019-12-01T05:14:45+00:00","breadcrumb":{"@id":"https:\/\/www.focun.com.co\/co\/nuestras-marcas\/#breadcrumb"},"inLanguage":"es","potentialAction":[{"@type":"ReadAction","target":["https:\/\/www.focun.com.co\/co\/nuestras-marcas\/"]}]},{"@type":"BreadcrumbList","@id":"https:\/\/www.focun.com.co\/co\/nuestras-marcas\/#breadcrumb","itemListElement":[{"@type":"ListItem","position":1,"name":"Portada","item":"https:\/\/www.focun.com.co\/co\/"},{"@type":"ListItem","position":2,"name":"Nuestras Marcas"}]}]}},"_links":{"self":[{"href":"https:\/\/www.focun.com.co\/co\/wp-json\/wp\/v2\/pages\/9"}],"collection":[{"href":"https:\/\/www.focun.com.co\/co\/wp-json\/wp\/v2\/pages"}],"about":[{"href":"https:\/\/www.focun.com.co\/co\/wp-json\/wp\/v2\/types\/page"}],"author":[{"embeddable":true,"href":"https:\/\/www.focun.com.co\/co\/wp-json\/wp\/v2\/users\/1"}],"replies":[{"embeddable":true,"href":"https:\/\/www.focun.com.co\/co\/wp-json\/wp\/v2\/comments?post=9"}],"version-history":[{"count":34,"href":"https:\/\/www.focun.com.co\/co\/wp-json\/wp\/v2\/pages\/9\/revisions"}],"predecessor-version":[{"id":3661,"href":"https:\/\/www.focun.com.co\/co\/wp-json\/wp\/v2\/pages\/9\/revisions\/3661"}],"wp:attachment":[{"href":"https:\/\/www.focun.com.co\/co\/wp-json\/wp\/v2\/media?parent=9"}],"curies":[{"name":"wp","href":"https:\/\/api.w.org\/{rel}","templated":true}]}}