{"id":3673,"date":"2019-12-19T15:20:48","date_gmt":"2019-12-19T15:20:48","guid":{"rendered":"https:\/\/www.focun.com.co\/co\/?page_id=3673"},"modified":"2021-10-21T18:33:11","modified_gmt":"2021-10-21T18:33:11","slug":"ingreso-portal-focun","status":"publish","type":"page","link":"https:\/\/www.focun.com.co\/co\/ingreso-portal-focun\/","title":{"rendered":"Portal Focun de Empleados"},"content":{"rendered":"<p>[vc_row][vc_column width=\u00bb3\/4&#8243;][vc_empty_space height=\u00bb20px\u00bb][vc_custom_heading text=\u00bbPortal Focun de Empleados\u00bb font_container=\u00bbtag:h2|font_size:30|text_align:left\u00bb use_theme_fonts=\u00bbyes\u00bb][vc_column_text]Ingresando al Portal Focun Midasoft podr\u00e1s realizar la descarga de la siguiente informaci\u00f3n:<\/p>\n<p>1. Descargar comprobantes de n\u00f3mina<br \/>\n2. Descargar certificados laborales<br \/>\n3. Descargar certificado de ingresos y retenciones[\/vc_column_text][vc_btn title=\u00bbINGRESAR A MIDASOFT\u00bb color=\u00bbdanger\u00bb link=\u00bburl:https%3A%2F%2Fmidasoft.focun.com.co%2FNGMidasoft%2Flogin%2FTS%3FsessionExpired%3Dtrue|target:_blank\u00bb][vc_column_text]Si tienes alguna inquietud para ingresar al sistema, puedes escribirnos al correo gestorpqr3@focun.com.co o comunicarte al whatsApp 300-4351452[\/vc_column_text][vc_empty_space][\/vc_column][vc_column width=\u00bb1\/4&#8243;][vc_empty_space height=\u00bb20px\u00bb][stm_sidebar sidebar=\u00bb3680&#8243;][vc_empty_space][\/vc_column][\/vc_row][vc_row full_width=\u00bbstretch_row\u00bb awb_type=\u00bbcolor\u00bb awb_stretch=\u00bb1&#8243; awb_color=\u00bb#5b5b5f\u00bb css=\u00bb.vc_custom_1575176587810{padding-top: 50px !important;padding-bottom: 50px !important;}\u00bb][vc_column width=\u00bb2\/3&#8243; css=\u00bb.vc_custom_1575153175050{padding-right: 20px !important;padding-left: 20px !important;}\u00bb][vc_empty_space height=\u00bb20px\u00bb]<div role=\"form\" class=\"wpcf7\" id=\"wpcf7-f6-o1\" lang=\"es-ES\" dir=\"ltr\">\n<div class=\"screen-reader-response\"><p role=\"status\" aria-live=\"polite\" aria-atomic=\"true\"><\/p> <ul><\/ul><\/div>\n<form action=\"\/co\/wp-json\/wp\/v2\/pages\/3673#wpcf7-f6-o1\" method=\"post\" class=\"wpcf7-form init\" novalidate=\"novalidate\" data-status=\"init\">\n<div style=\"display: none;\">\n<input type=\"hidden\" name=\"_wpcf7\" value=\"6\" \/>\n<input type=\"hidden\" name=\"_wpcf7_version\" value=\"5.5.6\" \/>\n<input type=\"hidden\" name=\"_wpcf7_locale\" value=\"es_ES\" \/>\n<input type=\"hidden\" name=\"_wpcf7_unit_tag\" value=\"wpcf7-f6-o1\" \/>\n<input type=\"hidden\" name=\"_wpcf7_container_post\" value=\"0\" \/>\n<input type=\"hidden\" name=\"_wpcf7_posted_data_hash\" value=\"\" \/>\n<input type=\"hidden\" name=\"_wpcf7_recaptcha_response\" value=\"\" \/>\n<\/div>\n<div class=\"row\">\n<div class=\"col-lg-6 col-md-6 col-sm-6 col-xs-12\">\n<div class=\"input-group\">\n                <span class=\"wpcf7-form-control-wrap your-name\"><input type=\"text\" name=\"your-name\" value=\"\" size=\"40\" class=\"wpcf7-form-control wpcf7-text wpcf7-validates-as-required\" aria-required=\"true\" aria-invalid=\"false\" placeholder=\"Nombre Completo *\" \/><\/span>\n            <\/div>\n<div class=\"input-group\">\n                <span class=\"wpcf7-form-control-wrap your-email\"><input type=\"email\" name=\"your-email\" value=\"\" size=\"40\" class=\"wpcf7-form-control wpcf7-text wpcf7-email wpcf7-validates-as-required wpcf7-validates-as-email\" aria-required=\"true\" aria-invalid=\"false\" placeholder=\"E-mail *\" \/><\/span>\n            <\/div>\n<div class=\"input-group\">\n                <span class=\"wpcf7-form-control-wrap your-phone\"><input type=\"tel\" name=\"your-phone\" value=\"\" size=\"40\" class=\"wpcf7-form-control wpcf7-text wpcf7-tel wpcf7-validates-as-required wpcf7-validates-as-tel\" aria-required=\"true\" aria-invalid=\"false\" placeholder=\"Tel\u00e9fono *\" \/><\/span>\n            <\/div>\n<div class=\"input-group\">\n<span class=\"wpcf7-form-control-wrap recaptcha\"><span data-sitekey=\"6LfZZ8UUAAAAAEPQjnS5CyBFxMKSjO-e3KHiNwdX\" class=\"wpcf7-form-control g-recaptcha wpcf7-recaptcha\"><\/span>\r\n<noscript>\r\n\t<div class=\"grecaptcha-noscript\">\r\n\t\t<iframe src=\"https:\/\/www.google.com\/recaptcha\/api\/fallback?k=6LfZZ8UUAAAAAEPQjnS5CyBFxMKSjO-e3KHiNwdX\" frameborder=\"0\" scrolling=\"no\" width=\"310\" height=\"430\">\r\n\t\t<\/iframe>\r\n\t\t<textarea name=\"g-recaptcha-response\" rows=\"3\" cols=\"40\" placeholder=\"Aqu\u00ed la respuesta de reCAPTCHA\">\r\n\t\t<\/textarea>\r\n\t<\/div>\r\n<\/noscript>\r\n<\/span>\n<\/div>\n<\/div>\n<div class=\"col-lg-6 col-md-6 col-sm-6 col-xs-12\">\n<div class=\"input-group\" style=\"height:100%;\">\n                <span class=\"wpcf7-form-control-wrap your-message\"><textarea name=\"your-message\" cols=\"40\" rows=\"10\" class=\"wpcf7-form-control wpcf7-textarea wpcf7-validates-as-required\" aria-required=\"true\" aria-invalid=\"false\" placeholder=\"Mensaje *\"><\/textarea><\/span>\n            <\/div>\n<div class=\"input-group text-right\">\n               <span class=\"wpcf7-form-control-wrap checkbox-543\"><span class=\"wpcf7-form-control wpcf7-checkbox wpcf7-validates-as-required\"><span class=\"wpcf7-list-item first last\"><span class=\"wpcf7-list-item-label\">Acepta tratamiento de datos personales<\/span><input type=\"checkbox\" name=\"checkbox-543[]\" value=\"Acepta tratamiento de datos personales\" \/><\/span><\/span><\/span><br \/>\n               <a style=\"font-size:12px; color:#FFF;\" href=https:\/\/www.focun.com.co\/co\/wp-content\/uploads\/2022\/03\/Aviso-de-Privacidad-TS-Temservice-1.pdf\" target=\"_blank\">Acepto pol\u00edtica de tratamientos de datos personales<\/a>\n            <\/div>\n<div class=\"input-group text-right\">\n               <button type=\"submit\" class=\"button theme_style_1 size-lg bordered icon_right\">Enviar <i class=\"fa fa-chevron-right\"><\/i><\/button>\n            <\/div>\n<\/div>\n<\/div>\n<div class=\"wpcf7-response-output\" aria-hidden=\"true\"><\/div><\/form><\/div>[\/vc_column][vc_column width=\u00bb1\/3&#8243; css=\u00bb.vc_custom_1575153160301{padding-top: 50px !important;padding-left: 20px !important;}\u00bb][vc_single_image image=\u00bb3563&#8243; img_size=\u00bbfull\u00bb][\/vc_column][\/vc_row]<\/p>\n","protected":false},"excerpt":{"rendered":"<p>[vc_row][vc_column width=\u00bb3\/4&#8243;][vc_empty_space height=\u00bb20px\u00bb][vc_custom_heading text=\u00bbPortal Focun de Empleados\u00bb font_container=\u00bbtag:h2|font_size:30|text_align:left\u00bb use_theme_fonts=\u00bbyes\u00bb][vc_column_text]Ingresando al Portal Focun Midasoft podr\u00e1s realizar la descarga de la siguiente informaci\u00f3n: 1. Descargar comprobantes de n\u00f3mina 2. Descargar certificados laborales 3. Descargar certificado de ingresos y retenciones[\/vc_column_text][vc_btn title=\u00bbINGRESAR A MIDASOFT\u00bb color=\u00bbdanger\u00bb link=\u00bburl:https%3A%2F%2Fmidasoft.focun.com.co%2FNGMidasoft%2Flogin%2FTS%3FsessionExpired%3Dtrue|target:_blank\u00bb][vc_column_text]Si tienes alguna inquietud para ingresar al sistema, puedes escribirnos al correo gestorpqr3@focun.com.co o<\/p>\n","protected":false},"author":3,"featured_media":0,"parent":0,"menu_order":0,"comment_status":"closed","ping_status":"closed","template":"","meta":[],"yoast_head":"<!-- This site is optimized with the Yoast SEO plugin v18.6 - https:\/\/yoast.com\/wordpress\/plugins\/seo\/ -->\n<title>Portal Focun de Empleados - Una marca Gi Group<\/title>\n<meta name=\"robots\" content=\"index, follow, max-snippet:-1, max-image-preview:large, max-video-preview:-1\" \/>\n<link rel=\"canonical\" href=\"https:\/\/www.focun.com.co\/co\/ingreso-portal-focun\/\" \/>\n<meta property=\"og:locale\" content=\"es_ES\" \/>\n<meta property=\"og:type\" content=\"article\" \/>\n<meta property=\"og:title\" content=\"Portal Focun de Empleados - Una marca Gi Group\" \/>\n<meta property=\"og:description\" content=\"[vc_row][vc_column width=\u00bb3\/4&#8243;][vc_empty_space height=\u00bb20px\u00bb][vc_custom_heading text=\u00bbPortal Focun de Empleados\u00bb font_container=\u00bbtag:h2|font_size:30|text_align:left\u00bb use_theme_fonts=\u00bbyes\u00bb][vc_column_text]Ingresando al Portal Focun Midasoft podr\u00e1s realizar la descarga de la siguiente informaci\u00f3n: 1. Descargar comprobantes de n\u00f3mina 2. Descargar certificados laborales 3. Descargar certificado de ingresos y retenciones[\/vc_column_text][vc_btn title=\u00bbINGRESAR A MIDASOFT\u00bb color=\u00bbdanger\u00bb link=\u00bburl:https%3A%2F%2Fmidasoft.focun.com.co%2FNGMidasoft%2Flogin%2FTS%3FsessionExpired%3Dtrue|target:_blank\u00bb][vc_column_text]Si tienes alguna inquietud para ingresar al sistema, puedes escribirnos al correo gestorpqr3@focun.com.co o\" \/>\n<meta property=\"og:url\" content=\"https:\/\/www.focun.com.co\/co\/ingreso-portal-focun\/\" \/>\n<meta property=\"og:site_name\" content=\"Una marca Gi Group\" \/>\n<meta property=\"article:modified_time\" content=\"2021-10-21T18:33:11+00:00\" \/>\n<meta name=\"twitter:card\" content=\"summary_large_image\" \/>\n<meta name=\"twitter:label1\" content=\"Tiempo de lectura\" \/>\n\t<meta name=\"twitter:data1\" content=\"1 minuto\" \/>\n<!-- \/ Yoast SEO plugin. -->","yoast_head_json":{"title":"Portal Focun de Empleados - Una marca Gi Group","robots":{"index":"index","follow":"follow","max-snippet":"max-snippet:-1","max-image-preview":"max-image-preview:large","max-video-preview":"max-video-preview:-1"},"canonical":"https:\/\/www.focun.com.co\/co\/ingreso-portal-focun\/","og_locale":"es_ES","og_type":"article","og_title":"Portal Focun de Empleados - Una marca Gi Group","og_description":"[vc_row][vc_column width=\u00bb3\/4&#8243;][vc_empty_space height=\u00bb20px\u00bb][vc_custom_heading text=\u00bbPortal Focun de Empleados\u00bb font_container=\u00bbtag:h2|font_size:30|text_align:left\u00bb use_theme_fonts=\u00bbyes\u00bb][vc_column_text]Ingresando al Portal Focun Midasoft podr\u00e1s realizar la descarga de la siguiente informaci\u00f3n: 1. Descargar comprobantes de n\u00f3mina 2. Descargar certificados laborales 3. Descargar certificado de ingresos y retenciones[\/vc_column_text][vc_btn title=\u00bbINGRESAR A MIDASOFT\u00bb color=\u00bbdanger\u00bb link=\u00bburl:https%3A%2F%2Fmidasoft.focun.com.co%2FNGMidasoft%2Flogin%2FTS%3FsessionExpired%3Dtrue|target:_blank\u00bb][vc_column_text]Si tienes alguna inquietud para ingresar al sistema, puedes escribirnos al correo gestorpqr3@focun.com.co o","og_url":"https:\/\/www.focun.com.co\/co\/ingreso-portal-focun\/","og_site_name":"Una marca Gi Group","article_modified_time":"2021-10-21T18:33:11+00:00","twitter_card":"summary_large_image","twitter_misc":{"Tiempo de lectura":"1 minuto"},"schema":{"@context":"https:\/\/schema.org","@graph":[{"@type":"WebSite","@id":"https:\/\/www.focun.com.co\/co\/#website","url":"https:\/\/www.focun.com.co\/co\/","name":"Una marca Gi Group","description":"Especialistas en Administraci&oacute;n del Talento Humano","potentialAction":[{"@type":"SearchAction","target":{"@type":"EntryPoint","urlTemplate":"https:\/\/www.focun.com.co\/co\/?s={search_term_string}"},"query-input":"required name=search_term_string"}],"inLanguage":"es"},{"@type":"WebPage","@id":"https:\/\/www.focun.com.co\/co\/ingreso-portal-focun\/#webpage","url":"https:\/\/www.focun.com.co\/co\/ingreso-portal-focun\/","name":"Portal Focun de Empleados - Una marca Gi Group","isPartOf":{"@id":"https:\/\/www.focun.com.co\/co\/#website"},"datePublished":"2019-12-19T15:20:48+00:00","dateModified":"2021-10-21T18:33:11+00:00","breadcrumb":{"@id":"https:\/\/www.focun.com.co\/co\/ingreso-portal-focun\/#breadcrumb"},"inLanguage":"es","potentialAction":[{"@type":"ReadAction","target":["https:\/\/www.focun.com.co\/co\/ingreso-portal-focun\/"]}]},{"@type":"BreadcrumbList","@id":"https:\/\/www.focun.com.co\/co\/ingreso-portal-focun\/#breadcrumb","itemListElement":[{"@type":"ListItem","position":1,"name":"Portada","item":"https:\/\/www.focun.com.co\/co\/"},{"@type":"ListItem","position":2,"name":"Portal Focun de Empleados"}]}]}},"_links":{"self":[{"href":"https:\/\/www.focun.com.co\/co\/wp-json\/wp\/v2\/pages\/3673"}],"collection":[{"href":"https:\/\/www.focun.com.co\/co\/wp-json\/wp\/v2\/pages"}],"about":[{"href":"https:\/\/www.focun.com.co\/co\/wp-json\/wp\/v2\/types\/page"}],"author":[{"embeddable":true,"href":"https:\/\/www.focun.com.co\/co\/wp-json\/wp\/v2\/users\/3"}],"replies":[{"embeddable":true,"href":"https:\/\/www.focun.com.co\/co\/wp-json\/wp\/v2\/comments?post=3673"}],"version-history":[{"count":7,"href":"https:\/\/www.focun.com.co\/co\/wp-json\/wp\/v2\/pages\/3673\/revisions"}],"predecessor-version":[{"id":3738,"href":"https:\/\/www.focun.com.co\/co\/wp-json\/wp\/v2\/pages\/3673\/revisions\/3738"}],"wp:attachment":[{"href":"https:\/\/www.focun.com.co\/co\/wp-json\/wp\/v2\/media?parent=3673"}],"curies":[{"name":"wp","href":"https:\/\/api.w.org\/{rel}","templated":true}]}}