{"id":3388,"date":"2019-11-29T21:01:32","date_gmt":"2019-11-29T21:01:32","guid":{"rendered":"http:\/\/www.focun.com.co\/co\/?page_id=3388"},"modified":"2020-01-09T13:21:49","modified_gmt":"2020-01-09T13:21:49","slug":"cooperativa","status":"publish","type":"page","link":"https:\/\/www.focun.com.co\/co\/cooperativa\/","title":{"rendered":"Cooperativa"},"content":{"rendered":"<p>[vc_row][vc_column width=\u00bb3\/4&#8243;][vc_empty_space height=\u00bb15px\u00bb][\/vc_column][vc_column width=\u00bb1\/4&#8243;][\/vc_column][\/vc_row][vc_row full_width=\u00bbstretch_row\u00bb equal_height=\u00bbyes\u00bb el_class=\u00bbabout-bg-right\u00bb][vc_column width=\u00bb3\/4&#8243; css=\u00bb.vc_custom_1575131963708{padding-right: 30px !important;}\u00bb][vc_row_inner][vc_column_inner width=\u00bb1\/3&#8243;][vc_single_image image=\u00bb3481&#8243; img_size=\u00bb\u00bb css_animation=\u00bbnone\u00bb][\/vc_column_inner][vc_column_inner width=\u00bb2\/3&#8243;][vc_column_text css_animation=\u00bbnone\u00bb css=\u00bb.vc_custom_1575136406016{padding-top: 20px !important;}\u00bb]Por medio de la Cooperativa de Gesti\u00f3n social, facilitamos a todos nuestros colaboradores el acceso a diferentes beneficios.[\/vc_column_text][\/vc_column_inner][\/vc_row_inner][vc_separator border_width=\u00bb3&#8243; css=\u00bb.vc_custom_1575136123845{padding-bottom: 10px !important;}\u00bb][vc_row_inner][vc_column_inner width=\u00bb1\/3&#8243;][vc_custom_heading text=\u00bbMisi\u00f3n Cooperativa\u00bb font_container=\u00bbtag:h3|text_align:right|color:%23444444&#8243; use_theme_fonts=\u00bbyes\u00bb css=\u00bb.vc_custom_1575133267571{margin-bottom: 25px !important;}\u00bb][\/vc_column_inner][vc_column_inner width=\u00bb2\/3&#8243;][vc_column_text css=\u00bb.vc_custom_1574883409940{margin-bottom: 22px !important;}\u00bb]Nuestra misi\u00f3n es contribuir al mejoramiento de la calidad de vida de nuestros asociados mediante el ahorro y cr\u00e9dito de f\u00e1cil acceso, con un amplio portafolio de servicios y actividades para el bienestar de la familia.[\/vc_column_text][\/vc_column_inner][\/vc_row_inner][vc_separator border_width=\u00bb3&#8243;][vc_row_inner][vc_column_inner width=\u00bb1\/3&#8243;][vc_custom_heading text=\u00bbVisi\u00f3n Cooperativa\u00bb font_container=\u00bbtag:h3|text_align:right|color:%23444444&#8243; use_theme_fonts=\u00bbyes\u00bb css=\u00bb.vc_custom_1575133278328{margin-bottom: 25px !important;}\u00bb][\/vc_column_inner][vc_column_inner width=\u00bb2\/3&#8243;][vc_column_text css=\u00bb.vc_custom_1574883422148{margin-bottom: 22px !important;}\u00bb]En el 2022 tendremos m\u00e1s de 1.500 asociados y una proyecci\u00f3n de m\u00e1s de20 convenios, que garanticen el cumplimiento a satisfacci\u00f3n de nuestros servicios, ofreci\u00e9ndoles siempre la mejor alternativa en beneficios que aporte a su calidad de vida y bienestar.[\/vc_column_text][\/vc_column_inner][\/vc_row_inner][vc_separator border_width=\u00bb3&#8243;][vc_row_inner][vc_column_inner width=\u00bb1\/3&#8243;][vc_custom_heading text=\u00bbServicios de la cooperativa\u00bb font_container=\u00bbtag:h3|text_align:right|color:%23444444&#8243; use_theme_fonts=\u00bbyes\u00bb][\/vc_column_inner][vc_column_inner width=\u00bb2\/3&#8243;][vc_column_text]Buscamos satisfacer las necesidades econ\u00f3micas y sociales de nuestros asociados. Para cumplir con este prop\u00f3sito ofrecemos los beneficios:[\/vc_column_text][\/vc_column_inner][\/vc_row_inner][\/vc_column][vc_column width=\u00bb1\/4&#8243;][stm_sidebar sidebar=\u00bb577&#8243;][\/vc_column][\/vc_row][vc_row][vc_column width=\u00bb3\/4&#8243;][vc_row_inner][vc_column_inner width=\u00bb1\/3&#8243;][vc_single_image image=\u00bb3482&#8243; img_size=\u00bb\u00bb][vc_custom_heading text=\u00bbCr\u00e9ditos de libre inversi\u00f3n\u00bb font_container=\u00bbtag:h5|text_align:left|color:%23444444&#8243; use_theme_fonts=\u00bbyes\u00bb css=\u00bb.vc_custom_1575133325263{margin-top: -20px !important;}\u00bb][vc_column_text]L\u00ednea de Cr\u00e9dito de Libre Inversi\u00f3n, para solicitar de manera y r\u00e1pida y \u00e1gil en el momento que lo necesite.<\/p>\n<p><a href=\"\/co\/?stm_service=creditos-de-libre-inversion\">Leer m\u00e1s <i class=\" fa fa-chevron-right stm_icon\"><\/i><\/a>[\/vc_column_text][vc_empty_space][\/vc_column_inner][vc_column_inner width=\u00bb1\/3&#8243;][vc_single_image image=\u00bb3483&#8243; img_size=\u00bb\u00bb][vc_custom_heading text=\u00bbPlan de Ahorro mensual\u00bb font_container=\u00bbtag:h5|text_align:left|color:%23444444&#8243; use_theme_fonts=\u00bbyes\u00bb css=\u00bb.vc_custom_1575133340166{margin-top: -20px !important;}\u00bb][vc_column_text]Destine una cantidad fija mensual de su salario para iniciar una cultura de ahorro.<\/p>\n<p><a href=\"\/co\/?stm_service=plan-de-ahorro-mensual\">Leer m\u00e1s <i class=\" fa fa-chevron-right stm_icon\"><\/i><\/a>[\/vc_column_text][vc_empty_space][\/vc_column_inner][vc_column_inner width=\u00bb1\/3&#8243;][vc_single_image image=\u00bb3484&#8243; img_size=\u00bb\u00bb][vc_custom_heading text=\u00bbConvenios Empresariales\u00bb font_container=\u00bbtag:h5|text_align:left|color:%23444444&#8243; use_theme_fonts=\u00bbyes\u00bb css=\u00bb.vc_custom_1575133349019{margin-top: -20px !important;}\u00bb][vc_column_text]Tenemos una serie de convenios, para que nuestros afiliados, puedan acceder a beneficios y descuentos con diferentes comercios asociados.<br \/>\n<a href=\"\/co\/?stm_service=convenios-empresariales\">Leer m\u00e1s <i class=\" fa fa-chevron-right stm_icon\"><\/i><\/a>[\/vc_column_text][vc_empty_space][\/vc_column_inner][\/vc_row_inner][\/vc_column][vc_column width=\u00bb1\/4&#8243;][\/vc_column][\/vc_row][vc_row][vc_column][vc_empty_space][\/vc_column][\/vc_row][vc_row awb_type=\u00bbimage\u00bb awb_stretch=\u00bb1&#8243; awb_image_background_position=\u00bb50% 50%\u00bb awb_parallax=\u00bbscroll\u00bb awb_parallax_speed=\u00bb0.5&#8243; awb_parallax_mobile=\u00bb1&#8243; awb_image=\u00bb3485&#8243; css=\u00bb.vc_custom_1575133879585{padding-top: 100px !important;padding-bottom: 100px !important;}\u00bb][vc_column][vc_row_inner][vc_column_inner width=\u00bb1\/4&#8243;][stm_stats_counter counter_value=\u00bb800&#8243; alignment=\u00bbcenter\u00bb title=\u00bbPersonas afiliadas a la cooperativa\u00bb][\/vc_column_inner][vc_column_inner width=\u00bb1\/4&#8243;][stm_stats_counter counter_value=\u00bb180&#8243; alignment=\u00bbcenter\u00bb title=\u00bbCr\u00e9ditos aprobados\u00bb][\/vc_column_inner][vc_column_inner width=\u00bb1\/4&#8243;][stm_stats_counter counter_value=\u00bb6.000&#8243; counter_value_pre=\u00bb$\u00bb counter_value_suf=\u00bbmil\u00bb alignment=\u00bbcenter\u00bb title=\u00bbValor ahorrado anual por afiliado\u00bb][\/vc_column_inner][vc_column_inner width=\u00bb1\/4&#8243;][stm_stats_counter counter_value=\u00bb95&#8243; counter_value_suf=\u00bb%\u00bb alignment=\u00bbcenter\u00bb title=\u00bbSatisfacci\u00f3n de nuestros afiliados\u00bb][\/vc_column_inner][\/vc_row_inner][\/vc_column][\/vc_row][vc_row][vc_column][vc_empty_space][\/vc_column][\/vc_row][vc_row el_id=\u00bbcomoaf\u00bb][vc_column width=\u00bb1\/3&#8243;][vc_custom_heading text=\u00bbComo Afiliarse a la Cooperativa\u00bb font_container=\u00bbtag:h3|text_align:right|color:%23444444&#8243; use_theme_fonts=\u00bbyes\u00bb][\/vc_column][vc_column width=\u00bb2\/3&#8243;][vc_column_text]Buscamos satisfacer las necesidades econ\u00f3micas y sociales de nuestros asociados. Para cumplir con este prop\u00f3sito ofrecemos los beneficios:[\/vc_column_text][\/vc_column][\/vc_row][vc_row][vc_column][vc_empty_space][\/vc_column][\/vc_row][vc_row][vc_column width=\u00bb1\/2&#8243;][stm_icon_box title_color=\u00bbcustom\u00bb enable_hexagon=\u00bbenable\u00bb icon=\u00bbstm-amsterdam-file\u00bb style=\u00bbicon_left\u00bb icon_size=\u00bb16&#8243; icon_color=\u00bbcustom\u00bb icon_bg_color=\u00bbthird_bg\u00bb icon_width=\u00bb70&#8243; title=\u00bb1. Diligenciar formulario de afiliaci\u00f3n\u00bb css=\u00bb.vc_custom_1578575961057{margin-bottom: 28px !important;}\u00bb title_color_custom=\u00bb#444444&#8243; icon_color_custom=\u00bb#9e2b20&#8243;]Descargue el\u00a0 formulario <a href=\"http:\/\/www.fmsas.com.co\/wp-content\/uploads\/2019\/04\/Afiliacion-CGS-2019.pdf _blank\">aqu\u00ed<\/a> para\u00a0 iniciar el proceso de afiliaci\u00f3n a nuestra cooperativa. Debe anexar los siguientes documentos:[\/stm_icon_box][vc_column_text css=\u00bb.vc_custom_1554852490761{padding-left: 50px !important;}\u00bb]<\/p>\n<ul>\n<li>Formulario de afiliaci\u00f3n completamente diligenciado.<\/li>\n<li>Fotocopia de su c\u00e9dula al 150%<\/li>\n<li>Fotocopia de su hoja de vida<\/li>\n<\/ul>\n<p>[\/vc_column_text][\/vc_column][vc_column width=\u00bb1\/2&#8243;][stm_icon_box title_color=\u00bbcustom\u00bb enable_hexagon=\u00bbenable\u00bb icon=\u00bbfa fa-envelope-open-o\u00bb style=\u00bbicon_left\u00bb icon_size=\u00bb20&#8243; icon_color=\u00bbcustom\u00bb icon_bg_color=\u00bbthird_bg\u00bb icon_width=\u00bb70&#8243; title=\u00bb2. Radicar Formulario de afiliaci\u00f3n\u00bb css=\u00bb.vc_custom_1578575989959{margin-bottom: 28px !important;}\u00bb title_color_custom=\u00bb#444444&#8243; icon_color_custom=\u00bb#9e2b20&#8243;]Entregue el formulario con los documentos solicitados, puede:[\/stm_icon_box][vc_column_text css=\u00bb.vc_custom_1554852611720{padding-left: 50px !important;}\u00bb]<\/p>\n<ul>\n<li>Enviarlos al correo<br \/>\n<a href=\"mailto:gestionsocial@cgsweb.co\">gestionsocial@cgsweb.co<\/a><\/li>\n<li>Pude acercarse a nuestras oficinas ubicadas en Bogot\u00e1 en la Carrera 18 # 36\u2013 41 y radicarlo.<\/li>\n<li>Radicarlos en cualquiera de nuestras sedes a nivel nacional (ver informaci\u00f3n de sedes)<\/li>\n<\/ul>\n<p>[\/vc_column_text][\/vc_column][vc_column][stm_icon_box title_color=\u00bbcustom\u00bb enable_hexagon=\u00bbenable\u00bb icon=\u00bbfa fa-money\u00bb style=\u00bbicon_left\u00bb icon_size=\u00bb20&#8243; icon_color=\u00bbcustom\u00bb icon_bg_color=\u00bbthird_bg\u00bb icon_width=\u00bb70&#8243; title=\u00bb3. Costo de Afiliaci\u00f3n\u00bb css=\u00bb.vc_custom_1578576031514{margin-bottom: 28px !important;}\u00bb icon_color_custom=\u00bb#9e2b20&#8243; title_color_custom=\u00bb#444444&#8243;]Afiliarse a la cooperativa tiene un costo de <strong>$44.000<\/strong>\u00a0los cuales se pagan por <b>UNA \u00daNICA\u00a0VEZ\u00a0<\/b>, este valor ser\u00e1 descontado, previa firma del documento de afiliaci\u00f3n a la cooperativa.[\/stm_icon_box][\/vc_column][\/vc_row][vc_row][vc_column][vc_row_inner][vc_column_inner width=\u00bb1\/3&#8243;][vc_custom_heading text=\u00bbDocumentos\u00bb font_container=\u00bbtag:h3|text_align:right|color:%23444444&#8243; use_theme_fonts=\u00bbyes\u00bb][\/vc_column_inner][vc_column_inner width=\u00bb2\/3&#8243;][\/vc_column_inner][\/vc_row_inner][vc_row_inner][vc_column_inner width=\u00bb1\/3&#8243;][vc_btn title=\u00bbFormato afiliaci\u00f3n a la cooperativa\u00bb color=\u00bbwhite\u00bb i_icon_fontawesome=\u00bbfa fa-share-square-o\u00bb add_icon=\u00bbtrue\u00bb link=\u00bburl:%2Fco%2Fwp-content%2Fuploads%2F2019%2F12%2FAfiliacion-CGS-2019.pdf||target:%20_blank|\u00bb][vc_btn title=\u00bbPagare y Carta de instrucci\u00f3n del pagare\u00bb color=\u00bbwhite\u00bb i_icon_fontawesome=\u00bbfa fa-share-square-o\u00bb add_icon=\u00bbtrue\u00bb link=\u00bburl:%2Fco%2Fwp-content%2Fuploads%2F2019%2F12%2FPagare-y-Carta-2019-dos-paginas.pdf||target:%20_blank|\u00bb][\/vc_column_inner][vc_column_inner width=\u00bb1\/3&#8243;][vc_btn title=\u00bbAutorizaci\u00f3n de manejo y tratamiento de datos\u00bb color=\u00bbwhite\u00bb i_icon_fontawesome=\u00bbfa fa-share-square-o\u00bb add_icon=\u00bbtrue\u00bb link=\u00bburl:%2Fco%2Fwp-content%2Fuploads%2F2019%2F12%2FAUTORIZACION-PARA-CONSULTA-A-CENTRALES-DE-RIESGO-2019.pdf||target:%20_blank|\u00bb][vc_btn title=\u00bbAutorizaci\u00f3n consulta en Centrales de Riesgo\u00bb color=\u00bbwhite\u00bb i_icon_fontawesome=\u00bbfa fa-share-square-o\u00bb add_icon=\u00bbtrue\u00bb link=\u00bburl:%2Fco%2Fwp-content%2Fuploads%2F2019%2F12%2FAUTORIZACION-PARA-CONSULTA-A-CENTRALES-DE-RIESGO-2019.pdf||target:%20_blank|\u00bb][\/vc_column_inner][vc_column_inner width=\u00bb1\/3&#8243;][vc_btn title=\u00bbFormato autorizaci\u00f3n de descuento\u00bb color=\u00bbwhite\u00bb i_icon_fontawesome=\u00bbfa fa-share-square-o\u00bb add_icon=\u00bbtrue\u00bb link=\u00bburl:%2Fco%2Fwp-content%2Fuploads%2F2019%2F12%2FLibranza-2019.pdf||target:%20_blank|\u00bb][vc_btn title=\u00bbModelo Carta de retiro Cooperativa\u00bb color=\u00bbwhite\u00bb i_icon_fontawesome=\u00bbfa fa-share-square-o\u00bb add_icon=\u00bbtrue\u00bb link=\u00bburl:%2Fco%2Fwp-content%2Fuploads%2F2019%2F12%2FFORMATO-RETIRO-CGS.pdf||target:%20_blank|\u00bb][\/vc_column_inner][\/vc_row_inner][vc_empty_space height=\u00bb20px\u00bb][\/vc_column][\/vc_row][vc_row][vc_column][vc_row_inner][vc_column_inner width=\u00bb1\/3&#8243;][vc_custom_heading text=\u00bbTener en cuenta\u00bb font_container=\u00bbtag:h3|text_align:right|color:%23444444&#8243; use_theme_fonts=\u00bbyes\u00bb][\/vc_column_inner][vc_column_inner width=\u00bb2\/3&#8243;][\/vc_column_inner][\/vc_row_inner][vc_column_text]<\/p>\n<ul>\n<li>Todas las cartas de retiros y aumentos deben llevar firma y huella para poder ser tramitadas<\/li>\n<li>Los formularios de afiliaci\u00f3n y cr\u00e9dito deben estar diligenciados en su totalidad con tel\u00e9fonos fijos, celulares, firma, huella y copia de la c\u00e9dula.<\/li>\n<li>Entregar el pagar\u00e9 firmado en blanco.<\/li>\n<li>Si el empleado desea retirarse debe pasar la carta de retiro, para no afectar los procesos internos.<\/li>\n<\/ul>\n<p>[\/vc_column_text][vc_empty_space][\/vc_column][\/vc_row][vc_row full_width=\u00bbstretch_row\u00bb awb_type=\u00bbcolor\u00bb awb_stretch=\u00bb1&#8243; awb_color=\u00bb#5b5b5f\u00bb css=\u00bb.vc_custom_1575176640085{padding-top: 50px !important;padding-bottom: 50px !important;}\u00bb][vc_column width=\u00bb2\/3&#8243; css=\u00bb.vc_custom_1575153175050{padding-right: 20px !important;padding-left: 20px !important;}\u00bb][vc_empty_space height=\u00bb20px\u00bb]<div role=\"form\" class=\"wpcf7\" id=\"wpcf7-f6-o1\" lang=\"es-ES\" dir=\"ltr\">\n<div class=\"screen-reader-response\"><p role=\"status\" aria-live=\"polite\" aria-atomic=\"true\"><\/p> <ul><\/ul><\/div>\n<form action=\"\/co\/wp-json\/wp\/v2\/pages\/3388#wpcf7-f6-o1\" method=\"post\" class=\"wpcf7-form init\" novalidate=\"novalidate\" data-status=\"init\">\n<div style=\"display: none;\">\n<input type=\"hidden\" name=\"_wpcf7\" value=\"6\" \/>\n<input type=\"hidden\" name=\"_wpcf7_version\" value=\"5.5.6\" \/>\n<input type=\"hidden\" name=\"_wpcf7_locale\" value=\"es_ES\" \/>\n<input type=\"hidden\" name=\"_wpcf7_unit_tag\" value=\"wpcf7-f6-o1\" \/>\n<input type=\"hidden\" name=\"_wpcf7_container_post\" value=\"0\" \/>\n<input type=\"hidden\" name=\"_wpcf7_posted_data_hash\" value=\"\" \/>\n<input type=\"hidden\" name=\"_wpcf7_recaptcha_response\" value=\"\" \/>\n<\/div>\n<div class=\"row\">\n<div class=\"col-lg-6 col-md-6 col-sm-6 col-xs-12\">\n<div class=\"input-group\">\n                <span class=\"wpcf7-form-control-wrap your-name\"><input type=\"text\" name=\"your-name\" value=\"\" size=\"40\" class=\"wpcf7-form-control wpcf7-text wpcf7-validates-as-required\" aria-required=\"true\" aria-invalid=\"false\" placeholder=\"Nombre Completo *\" \/><\/span>\n            <\/div>\n<div class=\"input-group\">\n                <span class=\"wpcf7-form-control-wrap your-email\"><input type=\"email\" name=\"your-email\" value=\"\" size=\"40\" class=\"wpcf7-form-control wpcf7-text wpcf7-email wpcf7-validates-as-required wpcf7-validates-as-email\" aria-required=\"true\" aria-invalid=\"false\" placeholder=\"E-mail *\" \/><\/span>\n            <\/div>\n<div class=\"input-group\">\n                <span class=\"wpcf7-form-control-wrap your-phone\"><input type=\"tel\" name=\"your-phone\" value=\"\" size=\"40\" class=\"wpcf7-form-control wpcf7-text wpcf7-tel wpcf7-validates-as-required wpcf7-validates-as-tel\" aria-required=\"true\" aria-invalid=\"false\" placeholder=\"Tel\u00e9fono *\" \/><\/span>\n            <\/div>\n<div class=\"input-group\">\n<span class=\"wpcf7-form-control-wrap recaptcha\"><span data-sitekey=\"6LfZZ8UUAAAAAEPQjnS5CyBFxMKSjO-e3KHiNwdX\" class=\"wpcf7-form-control g-recaptcha wpcf7-recaptcha\"><\/span>\r\n<noscript>\r\n\t<div class=\"grecaptcha-noscript\">\r\n\t\t<iframe src=\"https:\/\/www.google.com\/recaptcha\/api\/fallback?k=6LfZZ8UUAAAAAEPQjnS5CyBFxMKSjO-e3KHiNwdX\" frameborder=\"0\" scrolling=\"no\" width=\"310\" height=\"430\">\r\n\t\t<\/iframe>\r\n\t\t<textarea name=\"g-recaptcha-response\" rows=\"3\" cols=\"40\" placeholder=\"Aqu\u00ed la respuesta de reCAPTCHA\">\r\n\t\t<\/textarea>\r\n\t<\/div>\r\n<\/noscript>\r\n<\/span>\n<\/div>\n<\/div>\n<div class=\"col-lg-6 col-md-6 col-sm-6 col-xs-12\">\n<div class=\"input-group\" style=\"height:100%;\">\n                <span class=\"wpcf7-form-control-wrap your-message\"><textarea name=\"your-message\" cols=\"40\" rows=\"10\" class=\"wpcf7-form-control wpcf7-textarea wpcf7-validates-as-required\" aria-required=\"true\" aria-invalid=\"false\" placeholder=\"Mensaje *\"><\/textarea><\/span>\n            <\/div>\n<div class=\"input-group text-right\">\n               <span class=\"wpcf7-form-control-wrap checkbox-543\"><span class=\"wpcf7-form-control wpcf7-checkbox wpcf7-validates-as-required\"><span class=\"wpcf7-list-item first last\"><span class=\"wpcf7-list-item-label\">Acepta tratamiento de datos personales<\/span><input type=\"checkbox\" name=\"checkbox-543[]\" value=\"Acepta tratamiento de datos personales\" \/><\/span><\/span><\/span><br \/>\n               <a style=\"font-size:12px; color:#FFF;\" href=https:\/\/www.focun.com.co\/co\/wp-content\/uploads\/2022\/03\/Aviso-de-Privacidad-TS-Temservice-1.pdf\" target=\"_blank\">Acepto pol\u00edtica de tratamientos de datos personales<\/a>\n            <\/div>\n<div class=\"input-group text-right\">\n               <button type=\"submit\" class=\"button theme_style_1 size-lg bordered icon_right\">Enviar <i class=\"fa fa-chevron-right\"><\/i><\/button>\n            <\/div>\n<\/div>\n<\/div>\n<div class=\"wpcf7-response-output\" aria-hidden=\"true\"><\/div><\/form><\/div>[\/vc_column][vc_column width=\u00bb1\/3&#8243; css=\u00bb.vc_custom_1575153160301{padding-top: 50px !important;padding-left: 20px !important;}\u00bb][vc_single_image image=\u00bb3563&#8243; img_size=\u00bbfull\u00bb][\/vc_column][\/vc_row]<\/p>\n","protected":false},"excerpt":{"rendered":"<p>[vc_row][vc_column width=\u00bb3\/4&#8243;][vc_empty_space height=\u00bb15px\u00bb][\/vc_column][vc_column width=\u00bb1\/4&#8243;][\/vc_column][\/vc_row][vc_row full_width=\u00bbstretch_row\u00bb equal_height=\u00bbyes\u00bb el_class=\u00bbabout-bg-right\u00bb][vc_column width=\u00bb3\/4&#8243; css=\u00bb.vc_custom_1575131963708{padding-right: 30px !important;}\u00bb][vc_row_inner][vc_column_inner width=\u00bb1\/3&#8243;][vc_single_image image=\u00bb3481&#8243; img_size=\u00bb\u00bb css_animation=\u00bbnone\u00bb][\/vc_column_inner][vc_column_inner width=\u00bb2\/3&#8243;][vc_column_text css_animation=\u00bbnone\u00bb css=\u00bb.vc_custom_1575136406016{padding-top: 20px !important;}\u00bb]Por medio de la Cooperativa de Gesti\u00f3n social, facilitamos a todos nuestros colaboradores el acceso a diferentes beneficios.[\/vc_column_text][\/vc_column_inner][\/vc_row_inner][vc_separator border_width=\u00bb3&#8243; css=\u00bb.vc_custom_1575136123845{padding-bottom: 10px !important;}\u00bb][vc_row_inner][vc_column_inner width=\u00bb1\/3&#8243;][vc_custom_heading text=\u00bbMisi\u00f3n Cooperativa\u00bb font_container=\u00bbtag:h3|text_align:right|color:%23444444&#8243; use_theme_fonts=\u00bbyes\u00bb css=\u00bb.vc_custom_1575133267571{margin-bottom: 25px !important;}\u00bb][\/vc_column_inner][vc_column_inner width=\u00bb2\/3&#8243;][vc_column_text css=\u00bb.vc_custom_1574883409940{margin-bottom: 22px !important;}\u00bb]Nuestra misi\u00f3n es<\/p>\n","protected":false},"author":1,"featured_media":0,"parent":0,"menu_order":0,"comment_status":"closed","ping_status":"closed","template":"","meta":[],"yoast_head":"<!-- This site is optimized with the Yoast SEO plugin v18.6 - https:\/\/yoast.com\/wordpress\/plugins\/seo\/ -->\n<title>Cooperativa - Una marca Gi Group<\/title>\n<meta name=\"robots\" content=\"index, follow, max-snippet:-1, max-image-preview:large, max-video-preview:-1\" \/>\n<link rel=\"canonical\" href=\"https:\/\/www.focun.com.co\/co\/cooperativa\/\" \/>\n<meta property=\"og:locale\" content=\"es_ES\" \/>\n<meta property=\"og:type\" content=\"article\" \/>\n<meta property=\"og:title\" content=\"Cooperativa - Una marca Gi Group\" \/>\n<meta property=\"og:description\" content=\"[vc_row][vc_column width=\u00bb3\/4&#8243;][vc_empty_space height=\u00bb15px\u00bb][\/vc_column][vc_column width=\u00bb1\/4&#8243;][\/vc_column][\/vc_row][vc_row full_width=\u00bbstretch_row\u00bb equal_height=\u00bbyes\u00bb el_class=\u00bbabout-bg-right\u00bb][vc_column width=\u00bb3\/4&#8243; css=\u00bb.vc_custom_1575131963708{padding-right: 30px !important;}\u00bb][vc_row_inner][vc_column_inner width=\u00bb1\/3&#8243;][vc_single_image image=\u00bb3481&#8243; img_size=\u00bb\u00bb css_animation=\u00bbnone\u00bb][\/vc_column_inner][vc_column_inner width=\u00bb2\/3&#8243;][vc_column_text css_animation=\u00bbnone\u00bb css=\u00bb.vc_custom_1575136406016{padding-top: 20px !important;}\u00bb]Por medio de la Cooperativa de Gesti\u00f3n social, facilitamos a todos nuestros colaboradores el acceso a diferentes beneficios.[\/vc_column_text][\/vc_column_inner][\/vc_row_inner][vc_separator border_width=\u00bb3&#8243; css=\u00bb.vc_custom_1575136123845{padding-bottom: 10px !important;}\u00bb][vc_row_inner][vc_column_inner width=\u00bb1\/3&#8243;][vc_custom_heading text=\u00bbMisi\u00f3n Cooperativa\u00bb font_container=\u00bbtag:h3|text_align:right|color:%23444444&#8243; use_theme_fonts=\u00bbyes\u00bb css=\u00bb.vc_custom_1575133267571{margin-bottom: 25px !important;}\u00bb][\/vc_column_inner][vc_column_inner width=\u00bb2\/3&#8243;][vc_column_text css=\u00bb.vc_custom_1574883409940{margin-bottom: 22px !important;}\u00bb]Nuestra misi\u00f3n es\" \/>\n<meta property=\"og:url\" content=\"https:\/\/www.focun.com.co\/co\/cooperativa\/\" \/>\n<meta property=\"og:site_name\" content=\"Una marca Gi Group\" \/>\n<meta property=\"article:modified_time\" content=\"2020-01-09T13:21:49+00:00\" \/>\n<meta name=\"twitter:card\" content=\"summary_large_image\" \/>\n<meta name=\"twitter:label1\" content=\"Tiempo de lectura\" \/>\n\t<meta name=\"twitter:data1\" content=\"8 minutos\" \/>\n<!-- \/ Yoast SEO plugin. -->","yoast_head_json":{"title":"Cooperativa - Una marca Gi Group","robots":{"index":"index","follow":"follow","max-snippet":"max-snippet:-1","max-image-preview":"max-image-preview:large","max-video-preview":"max-video-preview:-1"},"canonical":"https:\/\/www.focun.com.co\/co\/cooperativa\/","og_locale":"es_ES","og_type":"article","og_title":"Cooperativa - Una marca Gi Group","og_description":"[vc_row][vc_column width=\u00bb3\/4&#8243;][vc_empty_space height=\u00bb15px\u00bb][\/vc_column][vc_column width=\u00bb1\/4&#8243;][\/vc_column][\/vc_row][vc_row full_width=\u00bbstretch_row\u00bb equal_height=\u00bbyes\u00bb el_class=\u00bbabout-bg-right\u00bb][vc_column width=\u00bb3\/4&#8243; css=\u00bb.vc_custom_1575131963708{padding-right: 30px !important;}\u00bb][vc_row_inner][vc_column_inner width=\u00bb1\/3&#8243;][vc_single_image image=\u00bb3481&#8243; img_size=\u00bb\u00bb css_animation=\u00bbnone\u00bb][\/vc_column_inner][vc_column_inner width=\u00bb2\/3&#8243;][vc_column_text css_animation=\u00bbnone\u00bb css=\u00bb.vc_custom_1575136406016{padding-top: 20px !important;}\u00bb]Por medio de la Cooperativa de Gesti\u00f3n social, facilitamos a todos nuestros colaboradores el acceso a diferentes beneficios.[\/vc_column_text][\/vc_column_inner][\/vc_row_inner][vc_separator border_width=\u00bb3&#8243; css=\u00bb.vc_custom_1575136123845{padding-bottom: 10px !important;}\u00bb][vc_row_inner][vc_column_inner width=\u00bb1\/3&#8243;][vc_custom_heading text=\u00bbMisi\u00f3n Cooperativa\u00bb font_container=\u00bbtag:h3|text_align:right|color:%23444444&#8243; use_theme_fonts=\u00bbyes\u00bb css=\u00bb.vc_custom_1575133267571{margin-bottom: 25px !important;}\u00bb][\/vc_column_inner][vc_column_inner width=\u00bb2\/3&#8243;][vc_column_text css=\u00bb.vc_custom_1574883409940{margin-bottom: 22px !important;}\u00bb]Nuestra misi\u00f3n es","og_url":"https:\/\/www.focun.com.co\/co\/cooperativa\/","og_site_name":"Una marca Gi Group","article_modified_time":"2020-01-09T13:21:49+00:00","twitter_card":"summary_large_image","twitter_misc":{"Tiempo de lectura":"8 minutos"},"schema":{"@context":"https:\/\/schema.org","@graph":[{"@type":"WebSite","@id":"https:\/\/www.focun.com.co\/co\/#website","url":"https:\/\/www.focun.com.co\/co\/","name":"Una marca Gi Group","description":"Especialistas en Administraci&oacute;n del Talento Humano","potentialAction":[{"@type":"SearchAction","target":{"@type":"EntryPoint","urlTemplate":"https:\/\/www.focun.com.co\/co\/?s={search_term_string}"},"query-input":"required name=search_term_string"}],"inLanguage":"es"},{"@type":"WebPage","@id":"https:\/\/www.focun.com.co\/co\/cooperativa\/#webpage","url":"https:\/\/www.focun.com.co\/co\/cooperativa\/","name":"Cooperativa - Una marca Gi Group","isPartOf":{"@id":"https:\/\/www.focun.com.co\/co\/#website"},"datePublished":"2019-11-29T21:01:32+00:00","dateModified":"2020-01-09T13:21:49+00:00","breadcrumb":{"@id":"https:\/\/www.focun.com.co\/co\/cooperativa\/#breadcrumb"},"inLanguage":"es","potentialAction":[{"@type":"ReadAction","target":["https:\/\/www.focun.com.co\/co\/cooperativa\/"]}]},{"@type":"BreadcrumbList","@id":"https:\/\/www.focun.com.co\/co\/cooperativa\/#breadcrumb","itemListElement":[{"@type":"ListItem","position":1,"name":"Portada","item":"https:\/\/www.focun.com.co\/co\/"},{"@type":"ListItem","position":2,"name":"Cooperativa"}]}]}},"_links":{"self":[{"href":"https:\/\/www.focun.com.co\/co\/wp-json\/wp\/v2\/pages\/3388"}],"collection":[{"href":"https:\/\/www.focun.com.co\/co\/wp-json\/wp\/v2\/pages"}],"about":[{"href":"https:\/\/www.focun.com.co\/co\/wp-json\/wp\/v2\/types\/page"}],"author":[{"embeddable":true,"href":"https:\/\/www.focun.com.co\/co\/wp-json\/wp\/v2\/users\/1"}],"replies":[{"embeddable":true,"href":"https:\/\/www.focun.com.co\/co\/wp-json\/wp\/v2\/comments?post=3388"}],"version-history":[{"count":52,"href":"https:\/\/www.focun.com.co\/co\/wp-json\/wp\/v2\/pages\/3388\/revisions"}],"predecessor-version":[{"id":3688,"href":"https:\/\/www.focun.com.co\/co\/wp-json\/wp\/v2\/pages\/3388\/revisions\/3688"}],"wp:attachment":[{"href":"https:\/\/www.focun.com.co\/co\/wp-json\/wp\/v2\/media?parent=3388"}],"curies":[{"name":"wp","href":"https:\/\/api.w.org\/{rel}","templated":true}]}}